{"id":55,"date":"2021-06-06T22:00:15","date_gmt":"2021-06-06T20:00:15","guid":{"rendered":"https:\/\/foerderverein-panoramabad.de\/?page_id=55"},"modified":"2023-03-13T15:44:43","modified_gmt":"2023-03-13T14:44:43","slug":"der-verein","status":"publish","type":"page","link":"https:\/\/foerderverein-panoramabad.de\/2019.3\/der-verein\/","title":{"rendered":"Der Verein"},"content":{"rendered":"\r\n<p><img loading=\"lazy\" decoding=\"async\" class=\"details-image\" draggable=\"false\" src=\"https:\/\/foerderverein-panoramabad.de\/wp-content\/uploads\/2019\/08\/logo-fuer-schirm1-1024x312.jpg\" alt=\"\" width=\"698\" height=\"213\" \/><\/p>\r\n\r\n\r\n\r\n<ul class=\"wp-block-list\">\r\n<li>setzt sich bei den zust\u00e4ndigen Stellen und in der Politik daf\u00fcr ein, dass unser R\u00fcngsi erhalten bleibt<\/li>\r\n<li>f\u00f6rdert den Schwimmsport im R\u00fcngsi<\/li>\r\n<li>leistet Beitr\u00e4ge, damit unser R\u00fcngsi attraktiver wird<\/li>\r\n<li>unterh\u00e4lt diese Homepage<\/li>\r\n<li>h\u00e4lt Kontakt zu Institutionen und Vereinen in Bad Godesberg<\/li>\r\n<li>veranstaltet wieder jeden 1. Mittwoch im Monat einen Stammtisch zum Informationsaustausch im Restaurant Rossi al Fiume, gegen\u00fcber vom Schwimmbad, Beginn 19:30<\/li>\r\n<li><strong>braucht Ihre \/ Eure Unterst\u00fctzung<br \/><br \/><\/strong><\/li>\r\n<li>hat 11 neue Fahnen f\u00fcr die Fahnenmasten mit den Stadtwappen Bonn, Bad Godesberg und Partnerst\u00e4dte angeschafft, und 2021 erneuert:<\/li>\r\n<\/ul>\r\n<p><img loading=\"lazy\" decoding=\"async\" class=\"details-image\" draggable=\"false\" src=\"https:\/\/foerderverein-panoramabad.de\/wp-content\/uploads\/2021\/06\/MG_0153-2-1024x444.jpg\" alt=\"\" width=\"617\" height=\"267\" \/><\/p>\r\n<ul>\r\n<li>hat 6 neue Sonnenschirme im Familienbereich in 2021 angeschafft<\/li>\r\n<\/ul>\r\n<p><img loading=\"lazy\" decoding=\"async\" class=\"details-image\" draggable=\"false\" src=\"https:\/\/foerderverein-panoramabad.de\/wp-content\/uploads\/2021\/06\/Schirme-1-1024x576.jpg\" alt=\"\" width=\"572\" height=\"322\" \/><\/p>\r\n<ul>\r\n<li>hat Sonnenliegen, Fitnessger\u00e4te, Volleyballnetz und neue Schliessf\u00e4cher angeschafft:<\/li>\r\n<\/ul>\r\n<p><img loading=\"lazy\" decoding=\"async\" class=\"details-image\" draggable=\"false\" src=\"https:\/\/foerderverein-panoramabad.de\/wp-content\/uploads\/2021\/05\/Sommerliegen-1024x576.jpeg\" alt=\"\" width=\"581\" height=\"327\" \/><\/p>\r\n<p><img loading=\"lazy\" decoding=\"async\" class=\"details-image\" draggable=\"false\" src=\"https:\/\/foerderverein-panoramabad.de\/wp-content\/uploads\/2021\/05\/Fitnessgeraete-1024x683.jpg\" alt=\"\" width=\"578\" height=\"385\" \/><\/p>\r\n<p><img loading=\"lazy\" decoding=\"async\" class=\"details-image\" draggable=\"false\" src=\"https:\/\/foerderverein-panoramabad.de\/wp-content\/uploads\/2021\/05\/Schliessfaecher-1024x768.jpg\" alt=\"\" width=\"576\" height=\"432\" \/><\/p>\r\n","protected":false},"excerpt":{"rendered":"<p>setzt sich bei den zust\u00e4ndigen Stellen und in der Politik daf\u00fcr ein, dass unser R\u00fcngsi erhalten bleibt f\u00f6rdert den Schwimmsport im R\u00fcngsi leistet Beitr\u00e4ge, damit unser R\u00fcngsi attraktiver wird unterh\u00e4lt diese Homepage h\u00e4lt Kontakt zu Institutionen und Vereinen in Bad Godesberg veranstaltet wieder jeden 1. Mittwoch im Monat einen Stammtisch zum Informationsaustausch im Restaurant Rossi &hellip; <\/p>\n<p class=\"link-more\"><a href=\"https:\/\/foerderverein-panoramabad.de\/2019.3\/der-verein\/\" class=\"more-link\"><span class=\"screen-reader-text\">\u201eDer Verein\u201c <\/span>weiterlesen<\/a><\/p>\n","protected":false},"author":1,"featured_media":0,"parent":0,"menu_order":0,"comment_status":"closed","ping_status":"closed","template":"","meta":{"footnotes":""},"class_list":["post-55","page","type-page","status-publish","hentry"],"_links":{"self":[{"href":"https:\/\/foerderverein-panoramabad.de\/2019.3\/wp-json\/wp\/v2\/pages\/55","targetHints":{"allow":["GET"]}}],"collection":[{"href":"https:\/\/foerderverein-panoramabad.de\/2019.3\/wp-json\/wp\/v2\/pages"}],"about":[{"href":"https:\/\/foerderverein-panoramabad.de\/2019.3\/wp-json\/wp\/v2\/types\/page"}],"author":[{"embeddable":true,"href":"https:\/\/foerderverein-panoramabad.de\/2019.3\/wp-json\/wp\/v2\/users\/1"}],"replies":[{"embeddable":true,"href":"https:\/\/foerderverein-panoramabad.de\/2019.3\/wp-json\/wp\/v2\/comments?post=55"}],"version-history":[{"count":39,"href":"https:\/\/foerderverein-panoramabad.de\/2019.3\/wp-json\/wp\/v2\/pages\/55\/revisions"}],"predecessor-version":[{"id":1213,"href":"https:\/\/foerderverein-panoramabad.de\/2019.3\/wp-json\/wp\/v2\/pages\/55\/revisions\/1213"}],"wp:attachment":[{"href":"https:\/\/foerderverein-panoramabad.de\/2019.3\/wp-json\/wp\/v2\/media?parent=55"}],"curies":[{"name":"wp","href":"https:\/\/api.w.org\/{rel}","templated":true}]}}